{"id":445,"date":"2024-01-10T00:27:16","date_gmt":"2024-01-09T23:27:16","guid":{"rendered":"https:\/\/aparthotel-oswiecim.pl\/regulamin\/"},"modified":"2024-02-21T10:04:41","modified_gmt":"2024-02-21T09:04:41","slug":"regolamento","status":"publish","type":"page","link":"https:\/\/aparthotel-oswiecim.pl\/it\/regolamento\/","title":{"rendered":"Regolamento"},"content":{"rendered":"<div class=\"fusion-fullwidth fullwidth-box fusion-builder-row-1 fusion-flex-container nonhundred-percent-fullwidth non-hundred-percent-height-scrolling\" style=\"--awb-border-radius-top-left:0px;--awb-border-radius-top-right:0px;--awb-border-radius-bottom-right:0px;--awb-border-radius-bottom-left:0px;--awb-flex-wrap:wrap;\" ><div class=\"fusion-builder-row fusion-row fusion-flex-align-items-flex-start fusion-flex-content-wrap\" style=\"max-width:1248px;margin-left: calc(-4% \/ 2 );margin-right: calc(-4% \/ 2 );\"><div class=\"fusion-layout-column fusion_builder_column fusion-builder-column-0 fusion_builder_column_1_1 1_1 fusion-flex-column\" style=\"--awb-bg-blend:overlay;--awb-bg-size:cover;--awb-width-large:100%;--awb-margin-top-large:0px;--awb-spacing-right-large:1.92%;--awb-margin-bottom-large:0px;--awb-spacing-left-large:1.92%;--awb-width-medium:100%;--awb-spacing-right-medium:1.92%;--awb-spacing-left-medium:1.92%;--awb-width-small:100%;--awb-spacing-right-small:1.92%;--awb-spacing-left-small:1.92%;\"><div class=\"fusion-column-wrapper fusion-flex-justify-content-flex-start fusion-content-layout-column\"><div class=\"fusion-text fusion-text-1\"><h4 style=\"text-align: center;\"><b>Oggetto del Regolamento<\/b><\/h4>\n<ol>\n<li style=\"font-weight: 400;\" aria-level=\"1\"><span style=\"font-weight: 400;\">Il Regolamento definisce l&#8217;oggetto della prestazione dei servizi, le responsabilit\u00e0 e la permanenza nelle strutture dell&#8217;Aparthotel e costituisce parte integrante dell&#8217;accordo, il quale viene concluso attraverso la prenotazione e\/o il pagamento di un acconto o dell&#8217;intero importo per il soggiorno presso l&#8217;Aparthotel.<\/span><\/li>\n<li style=\"font-weight: 400;\" aria-level=\"1\"><span style=\"font-weight: 400;\">Con l&#8217;esecuzione delle azioni menzionate nella frase precedente, l&#8217;Ospite conferma di aver letto e accettato i termini del Regolamento.<\/span><\/li>\n<li style=\"font-weight: 400;\" aria-level=\"1\"><span style=\"font-weight: 400;\">Il Regolamento \u00e8 disponibile per la consultazione sul sito aparthotel-oswiecim.pl.<\/span><\/li>\n<li style=\"font-weight: 400;\" aria-level=\"1\"><span style=\"font-weight: 400;\">Il Regolamento si applica a tutte le persone che soggiornano presso le strutture dell&#8217;Aparthotel Mamma Mia.<\/span><\/li>\n<li style=\"font-weight: 400;\" aria-level=\"1\"><span style=\"font-weight: 400;\">L&#8217;entit\u00e0 che affitta le camere \u00e8 di seguito denominata &#8220;Aparthotel&#8221;, mentre l&#8217;affittuario della camera \u00e8 indicato come &#8220;Ospite&#8221;.<\/span><\/li>\n<\/ol>\n<h4 style=\"text-align: center;\"><b>Giorno di registrazione<\/b><\/h4>\n<ol>\n<li style=\"font-weight: 400;\" aria-level=\"1\"><span style=\"font-weight: 400;\">Lo spazio residenziale nell&#8217;Aparthotel, qui di seguito denominato &#8220;appartamento&#8221;, viene affittato per giornate di registrazione.<\/span><\/li>\n<li style=\"font-weight: 400;\" aria-level=\"1\"><span style=\"font-weight: 400;\">Il giorno di registrazione inizia alle ore 16:00 del giorno di arrivo e termina alle ore 11:00 del giorno successivo.<\/span><\/li>\n<li style=\"font-weight: 400;\" aria-level=\"1\"><span style=\"font-weight: 400;\">Se l&#8217;Ospite non ha specificato la durata del soggiorno al momento della prenotazione della camera, si presume che la camera sia stata affittata per una giornata.<\/span><\/li>\n<li style=\"font-weight: 400;\" aria-level=\"1\"><span style=\"font-weight: 400;\">Eventuali richieste di prolungamento del soggiorno oltre il periodo indicato il giorno dell&#8217;arrivo devono essere comunicate dall&#8217;Ospite entro le ore 10:00 del giorno in cui scade il termine di affitto della camera.<\/span><\/li>\n<li style=\"font-weight: 400;\" aria-level=\"1\"><span style=\"font-weight: 400;\">L&#8217;Aparthotel prender\u00e0 in considerazione la richiesta di prolungamento del soggiorno nella misura delle proprie possibilit\u00e0.<\/span><\/li>\n<li style=\"font-weight: 400;\" aria-level=\"1\"><span style=\"font-weight: 400;\">Il prolungamento del soggiorno potrebbe comportare costi aggiuntivi.<\/span><\/li>\n<\/ol>\n<h4 style=\"text-align: center;\"><b>Prenotazione e Check-in<\/b><\/h4>\n<ol>\n<li style=\"font-weight: 400;\" aria-level=\"1\"><span style=\"font-weight: 400;\">Il check-in presso l&#8217;Aparthotel Mamma Mia equivale all&#8217;accettazione del regolamento.<\/span><\/li>\n<li style=\"font-weight: 400;\" aria-level=\"1\"><span style=\"font-weight: 400;\">Il requisito per il check-in da parte dell&#8217;Ospite \u00e8 la presentazione di un documento d&#8217;identit\u00e0.<\/span><\/li>\n<li style=\"font-weight: 400;\" aria-level=\"1\"><span style=\"font-weight: 400;\">L&#8217;Ospite non pu\u00f2 cedere l&#8217;appartamento ad altre persone, anche se il periodo per cui ha pagato la tariffa di soggiorno non \u00e8 ancora scaduto.<\/span><\/li>\n<li style=\"font-weight: 400;\" aria-level=\"1\"><span style=\"font-weight: 400;\">L&#8217;Aparthotel pu\u00f2 rifiutare l&#8217;accettazione di un Ospite che, durante un soggiorno precedente, abbia violato in modo significativo il regolamento, causando danni alle propriet\u00e0 dell&#8217;Aparthotel o ai suoi ospiti, ai dipendenti dell&#8217;Aparthotel o ad altre persone presenti nell&#8217;Aparthotel, disturbando in qualsiasi modo la tranquillit\u00e0 degli ospiti o il normale funzionamento dell&#8217;Aparthotel.<\/span><\/li>\n<li style=\"font-weight: 400;\" aria-level=\"1\"><span style=\"font-weight: 400;\">L&#8217;Aparthotel si riserva il diritto di richiedere un&#8217;autorizzazione preventiva sulla carta di credito dell\u2019ospite, per l&#8217;importo totale del soggiorno, al momento del check-in.<\/span><\/li>\n<li style=\"font-weight: 400;\" aria-level=\"1\"><span style=\"font-weight: 400;\">Nel caso in cui un Ospite rinunci al soggiorno durante il corso di una giornata, l&#8217;Aparthotel non rimborser\u00e0 la tariffa per quella giornata.<\/span><\/li>\n<\/ol>\n<h4 style=\"text-align: center;\"><b>Responsabilit\u00e0 dell&#8217;Aparthotel:<\/b><\/h4>\n<ol>\n<li style=\"font-weight: 400;\" aria-level=\"1\"><span style=\"font-weight: 400;\">L&#8217;Aparthotel non \u00e8 responsabile per il furto di denaro e altri beni, danneggiamento o distruzione di documenti di valore, oggetti di valore o articoli con valore scientifico o artistico, se questi oggetti non sono stati collocati nella cassaforte situata nell&#8217;appartamento.<\/span><\/li>\n<li style=\"font-weight: 400;\" aria-level=\"1\"><span style=\"font-weight: 400;\">L&#8217;Aparthotel non \u00e8 responsabile per danni o furto dell&#8217;auto o di altri veicoli dell&#8217;Ospite.<\/span><\/li>\n<li style=\"font-weight: 400;\" aria-level=\"1\"><span style=\"font-weight: 400;\">L&#8217;Aparthotel non \u00e8 responsabile per gli oggetti lasciati nel veicolo e per gli animali vivi, indipendentemente dal fatto che il veicolo sia parcheggiato nel parcheggio dell&#8217;Aparthotel o all&#8217;esterno dei locali dell&#8217;Aparthotel.<\/span><\/li>\n<li style=\"font-weight: 400;\" aria-level=\"1\"><span style=\"font-weight: 400;\">L&#8217;Aparthotel \u00e8 obbligato a fornire:<\/span><\/li>\n<\/ol>\n<ul>\n<li style=\"font-weight: 400;\" aria-level=\"1\"><span style=\"font-weight: 400;\">Condizioni per il completo e illimitato riposo dell&#8217;Ospite, la sicurezza durante il soggiorno, inclusa la sicurezza nel mantenere riservate le informazioni degli ospiti.<\/span><\/li>\n<li style=\"font-weight: 400;\" aria-level=\"1\"><span style=\"font-weight: 400;\">Eseguire le riparazioni necessarie durante l&#8217;assenza dell&#8217;Ospite, e solo in sua presenza quando l&#8217;Ospite esprime una tale richiesta.<\/span><\/li>\n<\/ul>\n<h4 style=\"text-align: center;\"><b>Responsabilit\u00e0 degli Ospiti:<\/b><\/h4>\n<ol>\n<li style=\"font-weight: 400;\" aria-level=\"1\"><span style=\"font-weight: 400;\">I bambini di et\u00e0 inferiore ai 13 anni devono essere sotto la costante supervisione dei loro tutori legali mentre si trovano nelle strutture dell&#8217;Aparthotel. I tutori legali sono responsabili finanziariamente per eventuali danni causati dai bambini.<\/span><\/li>\n<li style=\"font-weight: 400;\" aria-level=\"1\"><span style=\"font-weight: 400;\">All&#8217;uscita dall&#8217;appartamento, l&#8217;Ospite dovrebbe sempre verificare la chiusura della porta.<\/span><\/li>\n<li style=\"font-weight: 400;\" aria-level=\"1\"><span style=\"font-weight: 400;\">L&#8217;Ospite \u00e8 completamente responsabile dal punto di vista finanziario per qualsiasi tipo di danneggiamento o distruzione dei beni e dei dispositivi tecnici dell&#8217;Aparthotel causati dall\u2019ospite o dai suoi invitati.<\/span><\/li>\n<li style=\"font-weight: 400;\" aria-level=\"1\"><span style=\"font-weight: 400;\">L&#8217;Ospite dovrebbe notificare tempestivamente all&#8217;Aparthotel, subito dopo il check-in, di:<br \/>\n<\/span><span style=\"font-weight: 400;\">&#8211; eventuali danni verificatisi,<br \/>\n<\/span><span style=\"font-weight: 400;\">&#8211; servizi di pulizia eseguiti in modo improprio,<br \/>\n<\/span><span style=\"font-weight: 400;\">&#8211; qualsiasi imperfezione e\/o modifica che, secondo l&#8217;Ospite, costituiscono anomalia.<\/span><\/li>\n<li style=\"font-weight: 400;\" aria-level=\"1\"><span style=\"font-weight: 400;\">Eventuali carenze o modifiche che, secondo l&#8217;opinione dell&#8217;Ospite, costituiscano irregolarit\u00e0.<\/span><\/li>\n<li style=\"font-weight: 400;\" aria-level=\"1\"><span style=\"font-weight: 400;\">Tutti i danni o la distruzione di attrezzature e dispositivi tecnici causati dall&#8217;Ospite, o dai suoi invitati, devono essere prontamente risarciti in base alla valutazione fornita dall&#8217;Aparthotel.<\/span><\/li>\n<li style=\"font-weight: 400;\" aria-level=\"1\"><span style=\"font-weight: 400;\">L&#8217;Aparthotel si riserva il diritto di addebitare, sulla carta di credito dell&#8217;Ospite, importi relativi a danni scoperti dopo la loro partenza, e in caso di mancato utilizzo della carta, l&#8217;Aparthotel ha il diritto di richiedere un risarcimento finanziario all&#8217;Ospite.<\/span><\/li>\n<li style=\"font-weight: 400;\" aria-level=\"1\"><span style=\"font-weight: 400;\">Per motivi di sicurezza antincendio, l&#8217;uso di riscaldatori, ferri da stiro e altri dispositivi simili che non fanno parte dell&#8217;attrezzatura della camera, sono vietati negli appartamenti.<\/span><\/li>\n<li style=\"font-weight: 400;\" aria-level=\"1\"><span style=\"font-weight: 400;\">Dalle 22:00 alle 7:00 del giorno successivo, \u00e8 richiesto il silenzio nell&#8217;Aparthotel.<\/span><\/li>\n<li style=\"font-weight: 400;\" aria-level=\"1\"><span style=\"font-weight: 400;\">Il comportamento degli Ospiti e degli individui che utilizzano i servizi dell&#8217;Aparthotel non deve disturbare il soggiorno tranquillo degli altri Ospiti. L&#8217;Aparthotel pu\u00f2 rifiutare ulteriori servizi a chi viola questa regola.<\/span><\/li>\n<li style=\"font-weight: 400;\" aria-level=\"1\"><span style=\"font-weight: 400;\">In caso di violazione del regolamento, l&#8217;Aparthotel pu\u00f2 rifiutare ulteriori servizi all&#8217;Ospite che li viola. L&#8217;Ospite \u00e8 obbligato a conformarsi immediatamente alle richieste dell&#8217;Aparthotel, saldare i pagamenti per il soggiorno e eventuali danni, e lasciare l&#8217;Aparthotel.<\/span><\/li>\n<li style=\"font-weight: 400;\" aria-level=\"1\"><span style=\"font-weight: 400;\">Per motivi di sicurezza, un Ospite in partenza dovrebbe sempre chiudere la finestra, chiudere i rubinetti e chiudere a chiave la porta.<\/span><\/li>\n<li style=\"font-weight: 400;\" aria-level=\"1\"><span style=\"font-weight: 400;\">L&#8217;Aparthotel ha un diritto di pegno legale sugli oggetti portati dall&#8217;Ospite all&#8217;Aparthotel in caso di pagamenti in ritardo o non saldati per i servizi resi.<\/span><\/li>\n<\/ol>\n<h4 style=\"text-align: center;\"><b>Ritorno degli Oggetti Dimenticati:<\/b><\/h4>\n<ol>\n<li style=\"font-weight: 400;\" aria-level=\"1\"><span style=\"font-weight: 400;\">Gli oggetti personali lasciati dall&#8217;Ospite in partenza nell&#8217;appartamento saranno spediti a spese del destinatario all&#8217;indirizzo indicato dall&#8217;Ospite.<\/span><\/li>\n<li style=\"font-weight: 400;\" aria-level=\"1\"><span style=\"font-weight: 400;\">In assenza di istruzioni al riguardo, l&#8217;Aparthotel conserver\u00e0 tali oggetti per 1 mese, dopo di che diventeranno propriet\u00e0 dell&#8217;Aparthotel.<\/span><\/li>\n<\/ol>\n<h4 style=\"text-align: center;\"><b>Reclami:<\/b><\/h4>\n<ol>\n<li style=\"font-weight: 400;\" aria-level=\"1\"><span style=\"font-weight: 400;\">L&#8217;Ospite ha il diritto di presentare reclami nel caso in cui noti eventuali carenze nella qualit\u00e0 dei servizi forniti.<\/span><\/li>\n<li style=\"font-weight: 400;\" aria-level=\"1\"><span style=\"font-weight: 400;\">I reclami devono essere presentati immediatamente dopo aver notato delle carenze nello standard dei servizi resi.<\/span><\/li>\n<\/ol>\n<h4 style=\"text-align: center;\"><b>Informazioni Importanti:<\/b><\/h4>\n<ol>\n<li style=\"font-weight: 400;\" aria-level=\"1\"><span style=\"font-weight: 400;\">La struttura non dispone di una reception. Si prega gli Ospiti di contattare il proprietario della struttura almeno 1 giorno prima dell&#8217;arrivo per organizzare i dettagli del check-in e il ritiro delle chiavi.<\/span><\/li>\n<\/ol>\n<h4 style=\"text-align: center;\"><b>Disposizioni Aggiuntive:<\/b><\/h4>\n<ol>\n<li style=\"font-weight: 400;\" aria-level=\"1\">L&#8217;Aparthotel non accetta animali<\/li>\n<li style=\"font-weight: 400;\" aria-level=\"1\"><span style=\"font-weight: 400;\">\u00c8 severamente vietato fumare tabacco e sigarette elettroniche nell&#8217;Aparthotel.<\/span><\/li>\n<li style=\"font-weight: 400;\" aria-level=\"1\"><span style=\"font-weight: 400;\">La violazione di questi divieti comporter\u00e0 un costo aggiuntivo di 1000 PLN.<\/span><\/li>\n<li style=\"font-weight: 400;\" aria-level=\"1\"><span style=\"font-weight: 400;\">\u00c8 in vigore un divieto totale di possesso e utilizzo di sostanze vietate dalla legge presso l&#8217;Aparthotel Mamma Mia. In caso di violazione di questo divieto, vi sar\u00e0 una segnalazione alla polizia, e all&#8217;Ospite sar\u00e0 richiesto di lasciare immediatamente l&#8217;Aparthotel senza diritto a un rimborso per i costi associati al soggiorno abbreviato nell&#8217;Aparthotel.<\/span><\/li>\n<li style=\"font-weight: 400;\" aria-level=\"1\"><span style=\"font-weight: 400;\">Oggetti pericolosi come armi, munizioni, materiali infiammabili, materiali illuminanti, ecc., non possono essere conservati negli appartamenti.<\/span><\/li>\n<li style=\"font-weight: 400;\" aria-level=\"1\"><span style=\"font-weight: 400;\">I dati personali degli Ospiti sono trattati allo scopo di fornire i servizi. L&#8217;amministratore dei dati personali \u00e8 Aparthotel Mamma Mia con sede legale a Grojec, ul. Marii Radziwi\u0142\u0142 n. 6A, NIP 5512126327.<\/span><\/li>\n<li style=\"font-weight: 400;\" aria-level=\"1\"><span style=\"font-weight: 400;\">Agli Ospiti non \u00e8 consentito apportare alcuna modifica agli appartamenti o alla loro attrezzatura.<\/span><\/li>\n<li style=\"font-weight: 400;\" aria-level=\"1\"><span style=\"font-weight: 400;\">Il tribunale competente per risolvere le dispute tra l&#8217;Ospite e l&#8217;Aparthotel \u00e8 il tribunale competente per la sede principale dell&#8217;Aparthotel.<\/span><\/li>\n<\/ol>\n<p><span style=\"font-weight: 400;\">L&#8217;Aparthotel Mamma Mia apprezza la vostra collaborazione nel rispettare il regolamento, che \u00e8 progettato per garantire un soggiorno tranquillo e sicuro per voi.<\/span><\/p>\n<p><span style=\"font-weight: 400;\">Vi auguriamo un piacevole soggiorno.<\/span><\/p>\n<p><span style=\"font-weight: 400;\">Aparthotel Mamma Mia<\/span><\/p>\n<div id=\"gtx-trans\" style=\"position: absolute; left: 38px; top: 2076.78px;\">\n<div class=\"gtx-trans-icon\"><\/div>\n<\/div>\n<\/div><\/div><\/div><\/div><\/div>\n","protected":false},"excerpt":{"rendered":"","protected":false},"author":1,"featured_media":0,"parent":0,"menu_order":0,"comment_status":"closed","ping_status":"closed","template":"","meta":{"footnotes":""},"class_list":["post-445","page","type-page","status-publish","hentry"],"yoast_head":"<!-- This site is optimized with the Yoast SEO plugin v27.4 - https:\/\/yoast.com\/product\/yoast-seo-wordpress\/ -->\n<title>Regolamento - Aparthotel Mamma Mia Grojec, O\u015bwi\u0119cim<\/title>\n<meta name=\"robots\" content=\"index, follow, max-snippet:-1, max-image-preview:large, max-video-preview:-1\" \/>\n<link rel=\"canonical\" href=\"https:\/\/aparthotel-oswiecim.pl\/it\/regolamento\/\" \/>\n<meta property=\"og:locale\" content=\"it_IT\" \/>\n<meta property=\"og:type\" content=\"article\" \/>\n<meta property=\"og:title\" content=\"Regolamento - Aparthotel Mamma Mia Grojec, O\u015bwi\u0119cim\" \/>\n<meta property=\"og:url\" content=\"https:\/\/aparthotel-oswiecim.pl\/it\/regolamento\/\" \/>\n<meta property=\"og:site_name\" content=\"Aparthotel Mamma Mia Grojec, O\u015bwi\u0119cim\" \/>\n<meta property=\"article:publisher\" content=\"https:\/\/www.facebook.com\/aparthoteloswiecim\/\" \/>\n<meta property=\"article:modified_time\" content=\"2024-02-21T09:04:41+00:00\" \/>\n<meta name=\"twitter:card\" content=\"summary_large_image\" \/>\n<meta name=\"twitter:label1\" content=\"Tempo di lettura stimato\" \/>\n\t<meta name=\"twitter:data1\" content=\"7 minuti\" \/>\n<script type=\"application\/ld+json\" class=\"yoast-schema-graph\">{\"@context\":\"https:\\\/\\\/schema.org\",\"@graph\":[{\"@type\":\"WebPage\",\"@id\":\"https:\\\/\\\/aparthotel-oswiecim.pl\\\/it\\\/regolamento\\\/\",\"url\":\"https:\\\/\\\/aparthotel-oswiecim.pl\\\/it\\\/regolamento\\\/\",\"name\":\"Regolamento - Aparthotel Mamma Mia Grojec, O\u015bwi\u0119cim\",\"isPartOf\":{\"@id\":\"https:\\\/\\\/aparthotel-oswiecim.pl\\\/it\\\/#website\"},\"datePublished\":\"2024-01-09T23:27:16+00:00\",\"dateModified\":\"2024-02-21T09:04:41+00:00\",\"breadcrumb\":{\"@id\":\"https:\\\/\\\/aparthotel-oswiecim.pl\\\/it\\\/regolamento\\\/#breadcrumb\"},\"inLanguage\":\"it-IT\",\"potentialAction\":[{\"@type\":\"ReadAction\",\"target\":[\"https:\\\/\\\/aparthotel-oswiecim.pl\\\/it\\\/regolamento\\\/\"]}]},{\"@type\":\"BreadcrumbList\",\"@id\":\"https:\\\/\\\/aparthotel-oswiecim.pl\\\/it\\\/regolamento\\\/#breadcrumb\",\"itemListElement\":[{\"@type\":\"ListItem\",\"position\":1,\"name\":\"Strona g\u0142\u00f3wna\",\"item\":\"https:\\\/\\\/aparthotel-oswiecim.pl\\\/it\\\/\"},{\"@type\":\"ListItem\",\"position\":2,\"name\":\"Regolamento\"}]},{\"@type\":\"WebSite\",\"@id\":\"https:\\\/\\\/aparthotel-oswiecim.pl\\\/it\\\/#website\",\"url\":\"https:\\\/\\\/aparthotel-oswiecim.pl\\\/it\\\/\",\"name\":\"ApartHotel Mamma Mia Grojec, O\u015bwi\u0119cim\",\"description\":\"\",\"publisher\":{\"@id\":\"https:\\\/\\\/aparthotel-oswiecim.pl\\\/it\\\/#organization\"},\"potentialAction\":[{\"@type\":\"SearchAction\",\"target\":{\"@type\":\"EntryPoint\",\"urlTemplate\":\"https:\\\/\\\/aparthotel-oswiecim.pl\\\/it\\\/?s={search_term_string}\"},\"query-input\":{\"@type\":\"PropertyValueSpecification\",\"valueRequired\":true,\"valueName\":\"search_term_string\"}}],\"inLanguage\":\"it-IT\"},{\"@type\":\"Organization\",\"@id\":\"https:\\\/\\\/aparthotel-oswiecim.pl\\\/it\\\/#organization\",\"name\":\"ApartHotel Mamma Mia Grojec, O\u015bwi\u0119cim\",\"url\":\"https:\\\/\\\/aparthotel-oswiecim.pl\\\/it\\\/\",\"logo\":{\"@type\":\"ImageObject\",\"inLanguage\":\"it-IT\",\"@id\":\"https:\\\/\\\/aparthotel-oswiecim.pl\\\/it\\\/#\\\/schema\\\/logo\\\/image\\\/\",\"url\":\"https:\\\/\\\/aparthotel-oswiecim.pl\\\/wp-content\\\/uploads\\\/2024\\\/01\\\/logo.png\",\"contentUrl\":\"https:\\\/\\\/aparthotel-oswiecim.pl\\\/wp-content\\\/uploads\\\/2024\\\/01\\\/logo.png\",\"width\":250,\"height\":86,\"caption\":\"ApartHotel Mamma Mia Grojec, O\u015bwi\u0119cim\"},\"image\":{\"@id\":\"https:\\\/\\\/aparthotel-oswiecim.pl\\\/it\\\/#\\\/schema\\\/logo\\\/image\\\/\"},\"sameAs\":[\"https:\\\/\\\/www.facebook.com\\\/aparthoteloswiecim\\\/\"]}]}<\/script>\n<!-- \/ Yoast SEO plugin. -->","yoast_head_json":{"title":"Regolamento - Aparthotel Mamma Mia Grojec, O\u015bwi\u0119cim","robots":{"index":"index","follow":"follow","max-snippet":"max-snippet:-1","max-image-preview":"max-image-preview:large","max-video-preview":"max-video-preview:-1"},"canonical":"https:\/\/aparthotel-oswiecim.pl\/it\/regolamento\/","og_locale":"it_IT","og_type":"article","og_title":"Regolamento - Aparthotel Mamma Mia Grojec, O\u015bwi\u0119cim","og_url":"https:\/\/aparthotel-oswiecim.pl\/it\/regolamento\/","og_site_name":"Aparthotel Mamma Mia Grojec, O\u015bwi\u0119cim","article_publisher":"https:\/\/www.facebook.com\/aparthoteloswiecim\/","article_modified_time":"2024-02-21T09:04:41+00:00","twitter_card":"summary_large_image","twitter_misc":{"Tempo di lettura stimato":"7 minuti"},"schema":{"@context":"https:\/\/schema.org","@graph":[{"@type":"WebPage","@id":"https:\/\/aparthotel-oswiecim.pl\/it\/regolamento\/","url":"https:\/\/aparthotel-oswiecim.pl\/it\/regolamento\/","name":"Regolamento - Aparthotel Mamma Mia Grojec, O\u015bwi\u0119cim","isPartOf":{"@id":"https:\/\/aparthotel-oswiecim.pl\/it\/#website"},"datePublished":"2024-01-09T23:27:16+00:00","dateModified":"2024-02-21T09:04:41+00:00","breadcrumb":{"@id":"https:\/\/aparthotel-oswiecim.pl\/it\/regolamento\/#breadcrumb"},"inLanguage":"it-IT","potentialAction":[{"@type":"ReadAction","target":["https:\/\/aparthotel-oswiecim.pl\/it\/regolamento\/"]}]},{"@type":"BreadcrumbList","@id":"https:\/\/aparthotel-oswiecim.pl\/it\/regolamento\/#breadcrumb","itemListElement":[{"@type":"ListItem","position":1,"name":"Strona g\u0142\u00f3wna","item":"https:\/\/aparthotel-oswiecim.pl\/it\/"},{"@type":"ListItem","position":2,"name":"Regolamento"}]},{"@type":"WebSite","@id":"https:\/\/aparthotel-oswiecim.pl\/it\/#website","url":"https:\/\/aparthotel-oswiecim.pl\/it\/","name":"ApartHotel Mamma Mia Grojec, O\u015bwi\u0119cim","description":"","publisher":{"@id":"https:\/\/aparthotel-oswiecim.pl\/it\/#organization"},"potentialAction":[{"@type":"SearchAction","target":{"@type":"EntryPoint","urlTemplate":"https:\/\/aparthotel-oswiecim.pl\/it\/?s={search_term_string}"},"query-input":{"@type":"PropertyValueSpecification","valueRequired":true,"valueName":"search_term_string"}}],"inLanguage":"it-IT"},{"@type":"Organization","@id":"https:\/\/aparthotel-oswiecim.pl\/it\/#organization","name":"ApartHotel Mamma Mia Grojec, O\u015bwi\u0119cim","url":"https:\/\/aparthotel-oswiecim.pl\/it\/","logo":{"@type":"ImageObject","inLanguage":"it-IT","@id":"https:\/\/aparthotel-oswiecim.pl\/it\/#\/schema\/logo\/image\/","url":"https:\/\/aparthotel-oswiecim.pl\/wp-content\/uploads\/2024\/01\/logo.png","contentUrl":"https:\/\/aparthotel-oswiecim.pl\/wp-content\/uploads\/2024\/01\/logo.png","width":250,"height":86,"caption":"ApartHotel Mamma Mia Grojec, O\u015bwi\u0119cim"},"image":{"@id":"https:\/\/aparthotel-oswiecim.pl\/it\/#\/schema\/logo\/image\/"},"sameAs":["https:\/\/www.facebook.com\/aparthoteloswiecim\/"]}]}},"_links":{"self":[{"href":"https:\/\/aparthotel-oswiecim.pl\/it\/wp-json\/wp\/v2\/pages\/445","targetHints":{"allow":["GET"]}}],"collection":[{"href":"https:\/\/aparthotel-oswiecim.pl\/it\/wp-json\/wp\/v2\/pages"}],"about":[{"href":"https:\/\/aparthotel-oswiecim.pl\/it\/wp-json\/wp\/v2\/types\/page"}],"author":[{"embeddable":true,"href":"https:\/\/aparthotel-oswiecim.pl\/it\/wp-json\/wp\/v2\/users\/1"}],"replies":[{"embeddable":true,"href":"https:\/\/aparthotel-oswiecim.pl\/it\/wp-json\/wp\/v2\/comments?post=445"}],"version-history":[{"count":3,"href":"https:\/\/aparthotel-oswiecim.pl\/it\/wp-json\/wp\/v2\/pages\/445\/revisions"}],"predecessor-version":[{"id":1119,"href":"https:\/\/aparthotel-oswiecim.pl\/it\/wp-json\/wp\/v2\/pages\/445\/revisions\/1119"}],"wp:attachment":[{"href":"https:\/\/aparthotel-oswiecim.pl\/it\/wp-json\/wp\/v2\/media?parent=445"}],"curies":[{"name":"wp","href":"https:\/\/api.w.org\/{rel}","templated":true}]}}